{"id":10019,"date":"2025-04-10T19:18:45","date_gmt":"2025-04-10T19:18:45","guid":{"rendered":"https:\/\/recides.sedesol.gob.hn\/?page_id=10019"},"modified":"2025-04-10T20:45:15","modified_gmt":"2025-04-10T20:45:15","slug":"politicas-de-preservacion-de-archivos-digitales","status":"publish","type":"page","link":"https:\/\/recides.sedesol.gob.hn\/index.php\/politicas-de-preservacion-de-archivos-digitales\/","title":{"rendered":"Pol\u00edticas de preservaci\u00f3n de archivos digitales"},"content":{"rendered":"<p>[et_pb_section fb_built=\u00bb1&#8243; _builder_version=\u00bb4.27.0&#8243; _module_preset=\u00bbdefault\u00bb background_color=\u00bb#efeee7&#8243; custom_margin=\u00bb73px||0px||false|false\u00bb custom_padding=\u00bb83px||50px||false|false\u00bb da_disable_devices=\u00bboff|off|off\u00bb global_colors_info=\u00bb{}\u00bb da_is_popup=\u00bboff\u00bb da_exit_intent=\u00bboff\u00bb da_has_close=\u00bbon\u00bb da_alt_close=\u00bboff\u00bb da_dark_close=\u00bboff\u00bb da_not_modal=\u00bbon\u00bb da_is_singular=\u00bboff\u00bb da_with_loader=\u00bboff\u00bb da_has_shadow=\u00bbon\u00bb][et_pb_row make_equal=\u00bbon\u00bb custom_padding_last_edited=\u00bbon|phone\u00bb _builder_version=\u00bb4.27.0&#8243; _module_preset=\u00bbdefault\u00bb background_color=\u00bb#71c5cf\u00bb width=\u00bb100%\u00bb width_tablet=\u00bb80%\u00bb width_phone=\u00bb82%\u00bb width_last_edited=\u00bbon|phone\u00bb max_width_tablet=\u00bb\u00bb max_width_phone=\u00bb\u00bb max_width_last_edited=\u00bbon|tablet\u00bb min_height_tablet=\u00bb\u00bb min_height_phone=\u00bb\u00bb min_height_last_edited=\u00bbon|tablet\u00bb max_height_tablet=\u00bb\u00bb max_height_phone=\u00bb\u00bb max_height_last_edited=\u00bbon|tablet\u00bb custom_margin=\u00bb||0px||false|false\u00bb custom_margin_tablet=\u00bb||0px||false|false\u00bb custom_margin_phone=\u00bb||0px||false|false\u00bb custom_margin_last_edited=\u00bbon|tablet\u00bb custom_padding=\u00bb|101px|0px|90px|false|false\u00bb custom_padding_tablet=\u00bb|0px|0px|0px|false|false\u00bb custom_padding_phone=\u00bb|0px|0px|0px|false|false\u00bb module_alignment_tablet=\u00bbcenter\u00bb module_alignment_phone=\u00bbcenter\u00bb module_alignment_last_edited=\u00bbon|phone\u00bb global_colors_info=\u00bb{}\u00bb][et_pb_column type=\u00bb4_4&#8243; _builder_version=\u00bb4.22.0&#8243; _module_preset=\u00bbdefault\u00bb z_index=\u00bb10&#8243; custom_padding=\u00bb6vw||6vw||true|false\u00bb custom_padding_tablet=\u00bb|30px|||true|false\u00bb custom_padding_phone=\u00bb|20px|||true|false\u00bb custom_padding_last_edited=\u00bbon|tablet\u00bb global_colors_info=\u00bb{}\u00bb][et_pb_image src=\u00bbhttps:\/\/sedesol.gob.hn\/wp-content\/uploads\/2024\/08\/Sol.png\u00bb title_text=\u00bbSol\u00bb _builder_version=\u00bb4.27.0&#8243; _module_preset=\u00bbdefault\u00bb transform_rotate=\u00bb0deg|0deg|4deg\u00bb positioning=\u00bbabsolute\u00bb position_origin_a=\u00bbbottom_left\u00bb vertical_offset=\u00bb608px\u00bb horizontal_offset=\u00bb-432px\u00bb position_origin_a_tablet=\u00bbbottom_left\u00bb position_origin_a_phone=\u00bbbottom_left\u00bb position_origin_a_last_edited=\u00bboff|tablet\u00bb position_origin_f_last_edited=\u00bboff|tablet\u00bb position_origin_r_last_edited=\u00bboff|tablet\u00bb width=\u00bb32%\u00bb custom_margin=\u00bb||-256px|-16vw|false|false\u00bb custom_padding=\u00bb|0px|0px|||\u00bb scroll_rotating_enable=\u00bbon\u00bb scroll_rotating=\u00bb0|50|50|100|25\u00b0|90\u00b0|0&#8243; motion_trigger_start=\u00bbtop\u00bb positioning_phone=\u00bbnone\u00bb positioning_last_edited=\u00bboff|tablet\u00bb global_colors_info=\u00bb{}\u00bb][\/et_pb_image][et_pb_text _builder_version=\u00bb4.27.0&#8243; _module_preset=\u00bb_initial\u00bb header_font=\u00bb&#8211;et_global_heading_font|700|||||||\u00bb header_text_color=\u00bb#FFFFFF\u00bb header_font_size=\u00bb64px\u00bb header_line_height=\u00bb1.2em\u00bb custom_margin=\u00bb||-9px||false|false\u00bb custom_margin_tablet=\u00bb||10px||false|false\u00bb custom_margin_phone=\u00bb|||19px|false|false\u00bb custom_margin_last_edited=\u00bbon|phone\u00bb custom_padding=\u00bb||20px|||\u00bb header_text_align_tablet=\u00bb\u00bb header_text_align_phone=\u00bbcenter\u00bb header_text_align_last_edited=\u00bbon|phone\u00bb header_font_size_tablet=\u00bb40px\u00bb header_font_size_phone=\u00bb24px\u00bb header_font_size_last_edited=\u00bbon|desktop\u00bb text_orientation_tablet=\u00bbcenter\u00bb text_orientation_phone=\u00bbcenter\u00bb text_orientation_last_edited=\u00bbon|phone\u00bb global_colors_info=\u00bb{}\u00bb]<\/p>\n<h1>Pol\u00edticas de preservaci\u00f3n de archivos digitales<\/h1>\n<p>[\/et_pb_text][et_pb_text _builder_version=\u00bb4.27.0&#8243; _module_preset=\u00bbdefault\u00bb text_font=\u00bbPluto|300|||||||\u00bb text_text_color=\u00bb#FFFFFF\u00bb text_font_size=\u00bb15px\u00bb header_text_color=\u00bb#FFFFFF\u00bb transform_scale_tablet=\u00bb\u00bb transform_scale_phone=\u00bb\u00bb transform_scale_last_edited=\u00bbon|tablet\u00bb transform_translate_tablet=\u00bb\u00bb transform_translate_phone=\u00bb\u00bb transform_translate_last_edited=\u00bbon|tablet\u00bb transform_rotate_tablet=\u00bb\u00bb transform_rotate_phone=\u00bb\u00bb transform_rotate_last_edited=\u00bbon|tablet\u00bb transform_skew_tablet=\u00bb\u00bb transform_skew_phone=\u00bb\u00bb transform_skew_last_edited=\u00bbon|tablet\u00bb transform_origin_tablet=\u00bb\u00bb transform_origin_phone=\u00bb\u00bb transform_origin_last_edited=\u00bbon|tablet\u00bb transform_styles_last_edited=\u00bbon|tablet\u00bb custom_margin=\u00bb||-40px||false|false\u00bb custom_margin_tablet=\u00bb||0px||false|false\u00bb custom_margin_phone=\u00bb||0px||false|false\u00bb custom_margin_last_edited=\u00bbon|phone\u00bb custom_padding=\u00bb|141px|0px||false|false\u00bb custom_padding_tablet=\u00bb|0px|0px||false|false\u00bb custom_padding_phone=\u00bb|0px|||false|false\u00bb custom_padding_last_edited=\u00bbon|tablet\u00bb header_text_align_tablet=\u00bbcenter\u00bb header_text_align_phone=\u00bbcenter\u00bb header_text_align_last_edited=\u00bbon|phone\u00bb transform_styles_tablet=\u00bb\u00bb transform_styles_phone=\u00bb\u00bb text_orientation_tablet=\u00bbcenter\u00bb text_orientation_phone=\u00bbcenter\u00bb text_orientation_last_edited=\u00bbon|tablet\u00bb module_alignment_tablet=\u00bbcenter\u00bb module_alignment_phone=\u00bbcenter\u00bb module_alignment_last_edited=\u00bbon|tablet\u00bb global_colors_info=\u00bb{}\u00bb]<\/p>\n<p>La Revista Cient\u00edfica de Desarrollo Social (RECIDES) se compromete a asegurar que todos sus contenidos acad\u00e9micos se conserven en condiciones \u00f3ptimas, garantizando su perdurabilidad y el acceso continuo en el futuro.<\/p>\n<p>[\/et_pb_text][et_pb_image src=\u00bbhttps:\/\/recides.sedesol.gob.hn\/wp-content\/uploads\/2024\/08\/Sol-1.png\u00bb title_text=\u00bbSol\u00bb disabled_on=\u00bbon|on|off\u00bb _builder_version=\u00bb4.27.0&#8243; _module_preset=\u00bbdefault\u00bb transform_scale=\u00bb1400%|1400%\u00bb transform_scale_tablet=\u00bb50%|50%\u00bb transform_scale_phone=\u00bb50%|50%\u00bb transform_scale_last_edited=\u00bbon|tablet\u00bb transform_translate=\u00bb-4px|-20px\u00bb transform_translate_tablet=\u00bb-4px|-20px\u00bb transform_translate_phone=\u00bb-4px|-20px\u00bb transform_translate_last_edited=\u00bbon|tablet\u00bb transform_rotate_tablet=\u00bb\u00bb transform_rotate_phone=\u00bb\u00bb transform_rotate_last_edited=\u00bbon|tablet\u00bb transform_skew_tablet=\u00bb\u00bb transform_skew_phone=\u00bb\u00bb transform_skew_last_edited=\u00bbon|tablet\u00bb transform_origin_tablet=\u00bb\u00bb transform_origin_phone=\u00bb\u00bb transform_origin_last_edited=\u00bbon|tablet\u00bb transform_styles_last_edited=\u00bbon|tablet\u00bb width=\u00bb1%\u00bb scroll_rotating_enable=\u00bbon\u00bb transform_styles_tablet=\u00bb\u00bb transform_styles_phone=\u00bb\u00bb global_colors_info=\u00bb{}\u00bb][\/et_pb_image][\/et_pb_column][\/et_pb_row][\/et_pb_section][et_pb_section fb_built=\u00bb1&#8243; admin_label=\u00bbFAQ\u00bb _builder_version=\u00bb4.27.0&#8243; _module_preset=\u00bbdefault\u00bb background_color=\u00bb#efeee7&#8243; background_image=\u00bbhttps:\/\/sedesol.gob.hn\/wp-content\/uploads\/2024\/08\/Cream-Neutral-Minimalist-New-Business-Pitch-Deck-Presentation-32.png\u00bb background_size=\u00bbcontain\u00bb custom_padding=\u00bb||72px|||\u00bb top_divider_flip=\u00bbhorizontal\u00bb da_disable_devices=\u00bboff|off|off\u00bb collapsed=\u00bbon\u00bb global_colors_info=\u00bb{}\u00bb da_is_popup=\u00bboff\u00bb da_exit_intent=\u00bboff\u00bb da_has_close=\u00bbon\u00bb da_alt_close=\u00bboff\u00bb da_dark_close=\u00bboff\u00bb da_not_modal=\u00bbon\u00bb da_is_singular=\u00bboff\u00bb da_with_loader=\u00bboff\u00bb da_has_shadow=\u00bbon\u00bb][et_pb_row _builder_version=\u00bb4.27.0&#8243; _module_preset=\u00bbdefault\u00bb module_alignment=\u00bbcenter\u00bb global_colors_info=\u00bb{}\u00bb][et_pb_column type=\u00bb4_4&#8243; _builder_version=\u00bb4.27.0&#8243; _module_preset=\u00bbdefault\u00bb global_colors_info=\u00bb{}\u00bb][et_pb_text _builder_version=\u00bb4.27.0&#8243; _module_preset=\u00bbdefault\u00bb text_font=\u00bbPluto|100|||||||\u00bb text_font_size=\u00bb16px\u00bb text_line_height=\u00bb1.8em\u00bb header_font=\u00bbPluto|900|||||||\u00bb header_text_color=\u00bb#636363&#8243; custom_padding=\u00bb|286px||||\u00bb custom_padding_tablet=\u00bb|0px|||false|false\u00bb custom_padding_phone=\u00bb|0px|||false|false\u00bb custom_padding_last_edited=\u00bbon|tablet\u00bb text_orientation_tablet=\u00bbcenter\u00bb text_orientation_phone=\u00bbcenter\u00bb text_orientation_last_edited=\u00bbon|phone\u00bb global_colors_info=\u00bb{}\u00bb]<\/p>\n<h1>Alcance de la Pol\u00edtica<\/h1>\n<p>Las pol\u00edticas de preservaci\u00f3n digital adoptadas por RECIDES se aplican a la totalidad de los contenidos digitales publicados, abarcando, entre otros, los siguientes elementos:<\/p>\n<p>\u2022 Archivos PDF y versiones HTML de los art\u00edculos cient\u00edficos.<br \/>\u2022 Metadatos asociados.<br \/>\u2022 Recursos multimedia vinculados a la publicaci\u00f3n<\/p>\n<p>[\/et_pb_text][et_pb_text _builder_version=\u00bb4.27.0&#8243; _module_preset=\u00bbdefault\u00bb text_font=\u00bbPluto|100|||||||\u00bb text_font_size=\u00bb16px\u00bb text_line_height=\u00bb1.8em\u00bb header_font=\u00bbPluto|900|||||||\u00bb header_text_color=\u00bb#636363&#8243; text_orientation_tablet=\u00bbcenter\u00bb text_orientation_phone=\u00bbcenter\u00bb text_orientation_last_edited=\u00bbon|tablet\u00bb global_colors_info=\u00bb{}\u00bb]<\/p>\n<h1>Copias de Seguridad<\/h1>\n<p>Para salvaguardar la integridad de la informaci\u00f3n, se implementa un sistema de copias de<br \/>seguridad que realiza respaldos peri\u00f3dicos tanto del contenido como de la base de datos, el<br \/>almacenamiento de dichos respaldos en servidores externos y la ejecuci\u00f3n de verificaciones<br \/>regulares que aseguran la integridad y el funcionamiento \u00f3ptimo de las copias, facilitando una<br \/>restauraci\u00f3n confiable en caso necesario.<\/p>\n<p>[\/et_pb_text][et_pb_text _builder_version=\u00bb4.27.0&#8243; _module_preset=\u00bbdefault\u00bb text_font=\u00bbPluto|100|||||||\u00bb text_font_size=\u00bb16px\u00bb text_line_height=\u00bb1.8em\u00bb header_font=\u00bbPluto|900|||||||\u00bb header_text_color=\u00bb#636363&#8243; text_orientation_tablet=\u00bbcenter\u00bb text_orientation_phone=\u00bbcenter\u00bb text_orientation_last_edited=\u00bbon|tablet\u00bb global_colors_info=\u00bb{}\u00bb]<\/p>\n<h1>Control de Versiones<\/h1>\n<p>Se cuenta con un sistema de control de versiones que permite el rastreo de modificaciones<br \/>mediante el registro detallado de cada cambio realizado en los art\u00edculos y otros contenidos. La<br \/>plataforma incorpora un historial de revisiones que documenta autom\u00e1ticamente cada<br \/>modificaci\u00f3n, garantizando as\u00ed la transparencia del contenido.<\/p>\n<p>[\/et_pb_text][et_pb_text _builder_version=\u00bb4.27.0&#8243; _module_preset=\u00bbdefault\u00bb text_font=\u00bbPluto|100|||||||\u00bb text_font_size=\u00bb16px\u00bb text_line_height=\u00bb1.8em\u00bb header_font=\u00bbPluto|900|||||||\u00bb header_text_color=\u00bb#636363&#8243; text_orientation_tablet=\u00bbcenter\u00bb text_orientation_phone=\u00bbcenter\u00bb text_orientation_last_edited=\u00bbon|tablet\u00bb global_colors_info=\u00bb{}\u00bb]<\/p>\n<h1>Gesti\u00f3n de Metadatos y Est\u00e1ndares de Archivo<\/h1>\n<p>Nuestra revista ofrece una interfaz OAI-PMH (Open Archives Initiative \u2013 Protocol for Metadata<br \/>Harvesting) para facilitar el acceso a los metadatos de los contenidos publicados. Este protocolo<br \/>permite a otros portales y servicios de informaci\u00f3n recolectar los metadatos de nuestros art\u00edculos,<br \/>promoviendo una mayor visibilidad y difusi\u00f3n de la investigaci\u00f3n. Los recolectores pueden acceder<br \/>a los metadatos mediante la siguiente URL:<\/p>\n<p><a href=\"https:\/\/recides.sedesol.gob.hn\/oai\/\">https:\/\/recides.sedesol.gob.hn\/oai\/<\/a><\/p>\n<p>En este protocolo, se emplea el est\u00e1ndar internacional Dublin Core para la descripci\u00f3n<br \/>estructurada de cada art\u00edculo, asegurando la consistencia y calidad de la informaci\u00f3n.<\/p>\n<p>[\/et_pb_text][et_pb_text _builder_version=\u00bb4.27.0&#8243; _module_preset=\u00bbdefault\u00bb text_font=\u00bbPluto|100|||||||\u00bb text_font_size=\u00bb16px\u00bb text_line_height=\u00bb1.8em\u00bb header_font=\u00bbPluto|900|||||||\u00bb header_text_color=\u00bb#636363&#8243; text_orientation_tablet=\u00bbcenter\u00bb text_orientation_phone=\u00bbcenter\u00bb text_orientation_last_edited=\u00bbon|tablet\u00bb global_colors_info=\u00bb{}\u00bb]<\/p>\n<h1>Pol\u00edtica de Dep\u00f3sito en Repositorios<\/h1>\n<h1>para los autores de la revista<\/h1>\n<p>Los autores de RECIDES pueden depositar una copia de la versi\u00f3n publicada de sus art\u00edculos en<br \/>repositorios institucionales u otro repositorio de su elecci\u00f3n, siempre y cuando se cumplan las<br \/>siguientes condiciones:<\/p>\n<p>\u2022 El repositorio debe garantizar un acceso no comercial y sin modificaci\u00f3n de la obra.<br \/>\u2022 El autor debe reconocer la fuente original del art\u00edculo, asegurando la correcta atribuci\u00f3n<br \/>en cualquier dep\u00f3sito realizado.<br \/>\u2022 El dep\u00f3sito debe adherirse a la licencia bajo la cual se public\u00f3 el art\u00edculo, cumpliendo<br \/>adem\u00e1s con las pol\u00edticas de derechos de autor correspondientes.<\/p>\n<p>[\/et_pb_text][\/et_pb_column][\/et_pb_row][\/et_pb_section]<\/p>\n","protected":false},"excerpt":{"rendered":"<p>\u00bfQu\u00e9 es RECIDES?<\/p>\n<p>Es la Revista cient\u00edfica de Desarrollo Social que ser\u00e1 publicada semestralmente y de manera gratuita por le Editorial SEDESOL.<\/p>\n","protected":false},"author":2,"featured_media":0,"parent":0,"menu_order":0,"comment_status":"closed","ping_status":"closed","template":"","meta":{"_et_pb_use_builder":"on","_et_pb_old_content":"","_et_gb_content_width":"","footnotes":""},"class_list":["post-10019","page","type-page","status-publish","hentry"],"_links":{"self":[{"href":"https:\/\/recides.sedesol.gob.hn\/index.php\/wp-json\/wp\/v2\/pages\/10019","targetHints":{"allow":["GET"]}}],"collection":[{"href":"https:\/\/recides.sedesol.gob.hn\/index.php\/wp-json\/wp\/v2\/pages"}],"about":[{"href":"https:\/\/recides.sedesol.gob.hn\/index.php\/wp-json\/wp\/v2\/types\/page"}],"author":[{"embeddable":true,"href":"https:\/\/recides.sedesol.gob.hn\/index.php\/wp-json\/wp\/v2\/users\/2"}],"replies":[{"embeddable":true,"href":"https:\/\/recides.sedesol.gob.hn\/index.php\/wp-json\/wp\/v2\/comments?post=10019"}],"version-history":[{"count":8,"href":"https:\/\/recides.sedesol.gob.hn\/index.php\/wp-json\/wp\/v2\/pages\/10019\/revisions"}],"predecessor-version":[{"id":10038,"href":"https:\/\/recides.sedesol.gob.hn\/index.php\/wp-json\/wp\/v2\/pages\/10019\/revisions\/10038"}],"wp:attachment":[{"href":"https:\/\/recides.sedesol.gob.hn\/index.php\/wp-json\/wp\/v2\/media?parent=10019"}],"curies":[{"name":"wp","href":"https:\/\/api.w.org\/{rel}","templated":true}]}}