{"id":9148,"date":"2024-08-29T18:02:57","date_gmt":"2024-08-29T18:02:57","guid":{"rendered":"https:\/\/recides.sedesol.gob.hn\/?page_id=9148"},"modified":"2024-11-01T05:59:36","modified_gmt":"2024-11-01T05:59:36","slug":"revista-cientifica-preguntas-frecuentes","status":"publish","type":"page","link":"https:\/\/recides.sedesol.gob.hn\/index.php\/revista-cientifica-preguntas-frecuentes\/","title":{"rendered":"Preguntas Frecuentes"},"content":{"rendered":"\n[et_pb_section fb_built=\u00bb1&#8243; _builder_version=\u00bb4.27.0&#8243; _module_preset=\u00bbdefault\u00bb background_color=\u00bb#efeee7&#8243; custom_margin=\u00bb73px||0px||false|false\u00bb custom_padding=\u00bb125px||96px||false|false\u00bb da_disable_devices=\u00bboff|off|off\u00bb global_colors_info=\u00bb{}\u00bb da_is_popup=\u00bboff\u00bb da_exit_intent=\u00bboff\u00bb da_has_close=\u00bbon\u00bb da_alt_close=\u00bboff\u00bb da_dark_close=\u00bboff\u00bb da_not_modal=\u00bbon\u00bb da_is_singular=\u00bboff\u00bb da_with_loader=\u00bboff\u00bb da_has_shadow=\u00bbon\u00bb][et_pb_row column_structure=\u00bb1_2,1_2&#8243; make_equal=\u00bbon\u00bb custom_padding_last_edited=\u00bbon|phone\u00bb _builder_version=\u00bb4.27.0&#8243; _module_preset=\u00bbdefault\u00bb background_color=\u00bb#71c5cf\u00bb width=\u00bb100%\u00bb width_tablet=\u00bb75%\u00bb width_phone=\u00bb75%\u00bb width_last_edited=\u00bbon|desktop\u00bb max_width_tablet=\u00bb\u00bb max_width_phone=\u00bb\u00bb max_width_last_edited=\u00bbon|tablet\u00bb min_height_tablet=\u00bb100px\u00bb min_height_phone=\u00bb100px\u00bb min_height_last_edited=\u00bbon|tablet\u00bb max_height_tablet=\u00bb\u00bb max_height_phone=\u00bb\u00bb max_height_last_edited=\u00bbon|tablet\u00bb custom_padding=\u00bb|0px|0px|90px||\u00bb custom_padding_tablet=\u00bb|0px|0px|90px||\u00bb custom_padding_phone=\u00bb|0px|0px|0px|false|false\u00bb module_alignment_tablet=\u00bb\u00bb module_alignment_phone=\u00bbcenter\u00bb module_alignment_last_edited=\u00bbon|phone\u00bb global_colors_info=\u00bb{}\u00bb][et_pb_column type=\u00bb1_2&#8243; _builder_version=\u00bb4.22.0&#8243; _module_preset=\u00bbdefault\u00bb z_index=\u00bb10&#8243; custom_padding=\u00bb6vw||6vw||true|false\u00bb custom_padding_tablet=\u00bb|30px|||true|false\u00bb custom_padding_phone=\u00bb|20px|||true|false\u00bb custom_padding_last_edited=\u00bbon|tablet\u00bb global_colors_info=\u00bb{}\u00bb][et_pb_text _builder_version=\u00bb4.27.0&#8243; _module_preset=\u00bb_initial\u00bb text_font=\u00bb&#8211;et_global_heading_font||||||||\u00bb header_font=\u00bb||||||||\u00bb header_text_color=\u00bb#FFFFFF\u00bb header_4_font=\u00bb&#8211;et_global_heading_font|700||on|||||\u00bb header_4_text_color=\u00bb#FFFFFF\u00bb header_4_font_size=\u00bb14px\u00bb header_4_letter_spacing=\u00bb1px\u00bb header_4_line_height=\u00bb1.4em\u00bb custom_margin=\u00bb||0px||false|false\u00bb text_orientation_tablet=\u00bbcenter\u00bb text_orientation_phone=\u00bbcenter\u00bb text_orientation_last_edited=\u00bbon|phone\u00bb global_colors_info=\u00bb{}\u00bb]<h4>Revista Cient\u00edfica<\/h4>[\/et_pb_text][et_pb_text _builder_version=\u00bb4.27.0&#8243; _module_preset=\u00bb_initial\u00bb header_font=\u00bb&#8211;et_global_heading_font|700|||||||\u00bb header_text_color=\u00bb#FFFFFF\u00bb header_font_size=\u00bb64px\u00bb header_line_height=\u00bb1.2em\u00bb custom_margin=\u00bb||10px||false|false\u00bb custom_margin_tablet=\u00bb||10px||false|false\u00bb custom_margin_phone=\u00bb|||19px|false|false\u00bb custom_margin_last_edited=\u00bbon|phone\u00bb header_text_align_tablet=\u00bb\u00bb header_text_align_phone=\u00bbcenter\u00bb header_text_align_last_edited=\u00bbon|phone\u00bb header_font_size_tablet=\u00bb40px\u00bb header_font_size_phone=\u00bb24px\u00bb header_font_size_last_edited=\u00bbon|desktop\u00bb text_orientation_tablet=\u00bbcenter\u00bb text_orientation_phone=\u00bbcenter\u00bb text_orientation_last_edited=\u00bbon|phone\u00bb global_colors_info=\u00bb{}\u00bb]<h1>PREGUNTAS FRECUENTES<\/h1>[\/et_pb_text][\/et_pb_column][et_pb_column type=\u00bb1_2&#8243; _builder_version=\u00bb4.26.1&#8243; _module_preset=\u00bbdefault\u00bb background_enable_image=\u00bboff\u00bb global_colors_info=\u00bb{}\u00bb][et_pb_image src=\u00bbhttps:\/\/sedesol.gob.hn\/wp-content\/uploads\/2024\/08\/Ondas.png\u00bb title_text=\u00bbOndas\u00bb _builder_version=\u00bb4.26.1&#8243; _module_preset=\u00bbdefault\u00bb transform_rotate=\u00bb0deg|0deg|4deg\u00bb positioning=\u00bbabsolute\u00bb position_origin_a=\u00bbbottom_left\u00bb vertical_offset=\u00bb260px\u00bb horizontal_offset=\u00bb-634px\u00bb position_origin_a_tablet=\u00bbbottom_left\u00bb position_origin_a_phone=\u00bbbottom_left\u00bb position_origin_a_last_edited=\u00bboff|tablet\u00bb position_origin_f_last_edited=\u00bboff|tablet\u00bb position_origin_r_last_edited=\u00bboff|tablet\u00bb width=\u00bb46%\u00bb custom_margin=\u00bb||-256px|-16vw|false|false\u00bb custom_padding=\u00bb|0px|0px|||\u00bb positioning_phone=\u00bbnone\u00bb positioning_last_edited=\u00bboff|tablet\u00bb global_colors_info=\u00bb{}\u00bb][\/et_pb_image][et_pb_image src=\u00bbhttps:\/\/sedesol.gob.hn\/wp-content\/uploads\/2024\/08\/Sol.png\u00bb title_text=\u00bbSol\u00bb _builder_version=\u00bb4.27.0&#8243; _module_preset=\u00bbdefault\u00bb transform_rotate=\u00bb0deg|0deg|4deg\u00bb positioning=\u00bbabsolute\u00bb position_origin_a=\u00bbbottom_left\u00bb vertical_offset=\u00bb608px\u00bb horizontal_offset=\u00bb-432px\u00bb position_origin_a_tablet=\u00bbbottom_left\u00bb position_origin_a_phone=\u00bbbottom_left\u00bb position_origin_a_last_edited=\u00bboff|tablet\u00bb position_origin_f_last_edited=\u00bboff|tablet\u00bb position_origin_r_last_edited=\u00bboff|tablet\u00bb width=\u00bb32%\u00bb custom_margin=\u00bb||-256px|-16vw|false|false\u00bb custom_padding=\u00bb|0px|0px|||\u00bb scroll_rotating_enable=\u00bbon\u00bb scroll_rotating=\u00bb0|50|50|100|25\u00b0|90\u00b0|0&#8243; motion_trigger_start=\u00bbtop\u00bb positioning_phone=\u00bbnone\u00bb positioning_last_edited=\u00bboff|tablet\u00bb global_colors_info=\u00bb{}\u00bb][\/et_pb_image][et_pb_image src=\u00bbhttps:\/\/recides.sedesol.gob.hn\/wp-content\/uploads\/2024\/09\/Revista-01.png\u00bb title_text=\u00bbRevista-01&#8243; disabled_on=\u00bbon|on|off\u00bb _builder_version=\u00bb4.27.0&#8243; _module_preset=\u00bbdefault\u00bb transform_rotate=\u00bb0deg|0deg|4deg\u00bb positioning=\u00bbabsolute\u00bb position_origin_a=\u00bbbottom_left\u00bb vertical_offset=\u00bb230px\u00bb horizontal_offset=\u00bb354px\u00bb position_origin_a_tablet=\u00bbbottom_left\u00bb position_origin_a_phone=\u00bbbottom_left\u00bb position_origin_a_last_edited=\u00bboff|tablet\u00bb position_origin_f_last_edited=\u00bboff|tablet\u00bb position_origin_r_last_edited=\u00bboff|tablet\u00bb custom_margin=\u00bb||-280px|-16vw|false|false\u00bb custom_padding=\u00bb|0px|0px|||\u00bb scroll_rotating_enable=\u00bbon\u00bb scroll_rotating=\u00bb0|50|50|100|3\u00b0|0|0&#8243; positioning_phone=\u00bbnone\u00bb positioning_last_edited=\u00bboff|tablet\u00bb box_shadow_style=\u00bbpreset4&#8243; box_shadow_blur=\u00bb16px\u00bb global_colors_info=\u00bb{}\u00bb][\/et_pb_image][et_pb_image src=\u00bbhttps:\/\/sedesol.gob.hn\/wp-content\/uploads\/2024\/08\/Libro.png\u00bb title_text=\u00bbLibro\u00bb _builder_version=\u00bb4.26.1&#8243; _module_preset=\u00bbdefault\u00bb transform_rotate=\u00bb0deg|0deg|4deg\u00bb positioning=\u00bbabsolute\u00bb position_origin_a=\u00bbbottom_left\u00bb vertical_offset=\u00bb-361px\u00bb horizontal_offset=\u00bb-500px\u00bb position_origin_a_tablet=\u00bbbottom_left\u00bb position_origin_a_phone=\u00bbbottom_left\u00bb position_origin_a_last_edited=\u00bboff|tablet\u00bb position_origin_f_last_edited=\u00bboff|tablet\u00bb position_origin_r_last_edited=\u00bboff|tablet\u00bb width=\u00bb52%\u00bb custom_margin=\u00bb||-256px|-16vw|false|false\u00bb custom_padding=\u00bb0px|34px|0px|||\u00bb positioning_phone=\u00bbnone\u00bb positioning_last_edited=\u00bboff|tablet\u00bb global_colors_info=\u00bb{}\u00bb][\/et_pb_image][et_pb_image src=\u00bbhttps:\/\/sedesol.gob.hn\/wp-content\/uploads\/2024\/08\/Libro.png\u00bb title_text=\u00bbLibro\u00bb _builder_version=\u00bb4.26.1&#8243; _module_preset=\u00bbdefault\u00bb transform_rotate=\u00bb0deg|0deg|4deg\u00bb positioning=\u00bbabsolute\u00bb position_origin_a=\u00bbbottom_left\u00bb vertical_offset=\u00bb-361px\u00bb horizontal_offset=\u00bb-500px\u00bb position_origin_a_tablet=\u00bbbottom_left\u00bb position_origin_a_phone=\u00bbbottom_left\u00bb position_origin_a_last_edited=\u00bboff|tablet\u00bb position_origin_f_last_edited=\u00bboff|tablet\u00bb position_origin_r_last_edited=\u00bboff|tablet\u00bb width=\u00bb52%\u00bb custom_margin=\u00bb||-256px|-16vw|false|false\u00bb custom_padding=\u00bb0px|34px|0px|||\u00bb positioning_phone=\u00bbnone\u00bb positioning_last_edited=\u00bboff|tablet\u00bb global_colors_info=\u00bb{}\u00bb][\/et_pb_image][et_pb_image src=\u00bbhttps:\/\/sedesol.gob.hn\/wp-content\/uploads\/2024\/08\/Atomos.png\u00bb title_text=\u00bb\u00c1tomos\u00bb _builder_version=\u00bb4.26.1&#8243; _module_preset=\u00bbdefault\u00bb transform_rotate=\u00bb0deg|0deg|4deg\u00bb positioning=\u00bbabsolute\u00bb position_origin_a=\u00bbbottom_left\u00bb vertical_offset=\u00bb-164px\u00bb horizontal_offset=\u00bb685px\u00bb position_origin_a_tablet=\u00bbbottom_left\u00bb position_origin_a_phone=\u00bbbottom_left\u00bb position_origin_a_last_edited=\u00bboff|tablet\u00bb position_origin_f_last_edited=\u00bboff|tablet\u00bb position_origin_r_last_edited=\u00bboff|tablet\u00bb custom_margin=\u00bb||-256px|-16vw|false|false\u00bb custom_padding=\u00bb0px|105px|0px|||\u00bb positioning_phone=\u00bbnone\u00bb positioning_last_edited=\u00bboff|tablet\u00bb global_colors_info=\u00bb{}\u00bb][\/et_pb_image][\/et_pb_column][\/et_pb_row][\/et_pb_section][et_pb_section fb_built=\u00bb1&#8243; admin_label=\u00bbFAQ\u00bb _builder_version=\u00bb4.27.0&#8243; _module_preset=\u00bbdefault\u00bb background_color=\u00bb#efeee7&#8243; background_image=\u00bbhttps:\/\/sedesol.gob.hn\/wp-content\/uploads\/2024\/08\/Cream-Neutral-Minimalist-New-Business-Pitch-Deck-Presentation-32.png\u00bb background_size=\u00bbcontain\u00bb custom_padding=\u00bb||72px|||\u00bb top_divider_flip=\u00bbhorizontal\u00bb da_disable_devices=\u00bboff|off|off\u00bb collapsed=\u00bbon\u00bb global_colors_info=\u00bb{}\u00bb da_is_popup=\u00bboff\u00bb da_exit_intent=\u00bboff\u00bb da_has_close=\u00bbon\u00bb da_alt_close=\u00bboff\u00bb da_dark_close=\u00bboff\u00bb da_not_modal=\u00bbon\u00bb da_is_singular=\u00bboff\u00bb da_with_loader=\u00bboff\u00bb da_has_shadow=\u00bbon\u00bb][et_pb_row _builder_version=\u00bb4.27.0&#8243; _module_preset=\u00bbdefault\u00bb global_colors_info=\u00bb{}\u00bb][et_pb_column type=\u00bb4_4&#8243; _builder_version=\u00bb4.27.0&#8243; _module_preset=\u00bbdefault\u00bb global_colors_info=\u00bb{}\u00bb][et_pb_text _builder_version=\u00bb4.27.0&#8243; _module_preset=\u00bbdefault\u00bb text_font=\u00bbPluto|900|||||||\u00bb text_font_size=\u00bb55px\u00bb global_colors_info=\u00bb{}\u00bb]<p><strong>RECIDES<\/strong><\/p>[\/et_pb_text][\/et_pb_column][\/et_pb_row][et_pb_row custom_padding_last_edited=\u00bbon|phone\u00bb _builder_version=\u00bb4.27.0&#8243; _module_preset=\u00bbdefault\u00bb background_enable_color=\u00bboff\u00bb custom_margin=\u00bb1vw|auto|18px|auto|false|false\u00bb custom_margin_tablet=\u00bb-21vw||||false|false\u00bb custom_margin_phone=\u00bb||||false|false\u00bb custom_margin_last_edited=\u00bboff|desktop\u00bb custom_padding=\u00bb80px|80px|80px|80px|true|true\u00bb custom_padding_tablet=\u00bb30px|20px|30px|20px|true|true\u00bb custom_padding_phone=\u00bb20px|0px|20px|0px|true|true\u00bb border_width_all=\u00bb3px\u00bb global_colors_info=\u00bb{}\u00bb][et_pb_column type=\u00bb4_4&#8243; _builder_version=\u00bb4.17.3&#8243; _module_preset=\u00bbdefault\u00bb global_colors_info=\u00bb{}\u00bb][et_pb_accordion open_toggle_text_color=\u00bb#000000&#8243; open_toggle_background_color=\u00bbRGBA(255,255,255,0)\u00bb closed_toggle_text_color=\u00bb#000000&#8243; closed_toggle_background_color=\u00bbRGBA(255,255,255,0)\u00bb toggle_icon=\u00bb&#x50;||divi||400&#8243; icon_color=\u00bb#000000&#8243; _builder_version=\u00bb4.27.0&#8243; _module_preset=\u00bbdefault\u00bb toggle_text_color=\u00bb#000000&#8243; toggle_font=\u00bb&#8211;et_global_heading_font|700|||||||\u00bb toggle_font_size=\u00bb22px\u00bb toggle_line_height=\u00bb1.2em\u00bb closed_toggle_font=\u00bb&#8211;et_global_heading_font||||||||\u00bb body_font=\u00bb&#8211;et_global_heading_font||||||||\u00bb body_text_color=\u00bb#000000&#8243; body_font_size=\u00bb18px\u00bb body_line_height=\u00bb1.8em\u00bb toggle_font_size_tablet=\u00bb16px\u00bb toggle_font_size_phone=\u00bb13px\u00bb toggle_font_size_last_edited=\u00bbon|desktop\u00bb body_font_size_tablet=\u00bb16px\u00bb body_font_size_phone=\u00bb14px\u00bb body_font_size_last_edited=\u00bbon|phone\u00bb border_width_all=\u00bb2px\u00bb border_color_all=\u00bb#000000&#8243; border_width_bottom=\u00bb4px\u00bb global_colors_info=\u00bb{}\u00bb][et_pb_accordion_item title=\u00bb\u00bfQu\u00e9 es RECIDES?\u00bb _builder_version=\u00bb4.27.0&#8243; _module_preset=\u00bbdefault\u00bb global_colors_info=\u00bb{}\u00bb open=\u00bbon\u00bb]<p>Es la Revista cient\u00edfica de Desarrollo Social que ser\u00e1 publicada semestralmente y de manera gratuita por le Editorial SEDESOL.<\/p>[\/et_pb_accordion_item][et_pb_accordion_item title=\u00bb\u00bfQu\u00e9 tipo de art\u00edculo puedo hacer?\u00bb _builder_version=\u00bb4.27.0&#8243; _module_preset=\u00bbdefault\u00bb global_colors_info=\u00bb{}\u00bb open=\u00bboff\u00bb]<p>Puede realizar art\u00edculos originales, art\u00edculos de revisi\u00f3n, notas t\u00e9cnicas, casos cl\u00ednicos, art\u00edculos de opini\u00f3n.<\/p>[\/et_pb_accordion_item][et_pb_accordion_item title=\u00bb\u00bfSi ya tengo un art\u00edculo cient\u00edfico redactado puedo enviarlo a RECIDES?\u00bb _builder_version=\u00bb4.27.0&#8243; _module_preset=\u00bbdefault\u00bb global_colors_info=\u00bb{}\u00bb open=\u00bboff\u00bb]<p>Si cumple con los requerimientos de publicaci\u00f3n:\u00a0 enmarcado en una l\u00ednea de investigaci\u00f3n y eje prioritario y no ha sido publicado; s\u00ed, si puede enviarlo<\/p>[\/et_pb_accordion_item][et_pb_accordion_item title=\u00bb\u00bfTodos los art\u00edculos que se env\u00edan se publican en la revista?\u00bb _builder_version=\u00bb4.27.0&#8243; _module_preset=\u00bbdefault\u00bb global_colors_info=\u00bb{}\u00bb open=\u00bboff\u00bb]<p>Lamentablemente no es posible incluir todos los art\u00edculos en un mismo n\u00famero, por lo que un consejo editorial determinar\u00e1 cu\u00e1les tienen la calidad de publicaci\u00f3n en el n\u00famero actual o el pr\u00f3ximo y cu\u00e1les pueden ser referidos a otra revista local.<\/p>[\/et_pb_accordion_item][et_pb_accordion_item title=\u00bb\u00bfSi ya realic\u00e9 una publicaci\u00f3n en una revista, cumplo mi requisito?\u00bb _builder_version=\u00bb4.27.0&#8243; _module_preset=\u00bbdefault\u00bb global_colors_info=\u00bb{}\u00bb open=\u00bboff\u00bb]<p>Si lo hizo en el a\u00f1o en curso y la revista est\u00e1 indexada, s\u00ed. Debe enviar el art\u00edculo y el link donde est\u00e1 alojado.<\/p>[\/et_pb_accordion_item][et_pb_accordion_item title=\u00bb\u00bfPuedo someter mi tesis de grado para publicaci\u00f3n?\u00bb _builder_version=\u00bb4.27.0&#8243; _module_preset=\u00bbdefault\u00bb global_colors_info=\u00bb{}\u00bb open=\u00bboff\u00bb]<p>S\u00ed, tomando en cuenta lo siguiente:<\/p>\n<ul>\n<li>Debe apegarse a los lineamientos para autor y estar enmarcado en alguna de las l\u00edneas de investigaci\u00f3n de la revista<\/li>\n<li>Los datos tienen menos de tres a\u00f1os de ser recolectados<\/li>\n<li>En caso de ser investigaci\u00f3n documental deber\u00e1 actualizarlo complement\u00e1ndolo con informaci\u00f3n actual.<\/li>\n<\/ul>[\/et_pb_accordion_item][et_pb_accordion_item title=\u00bb\u00bfRECIDES est\u00e1 indexada?\u00bb _builder_version=\u00bb4.27.0&#8243; _module_preset=\u00bbdefault\u00bb global_colors_info=\u00bb{}\u00bb open=\u00bboff\u00bb]<p>No, debido a que es de reciente creaci\u00f3n aun no debido a que existe un requerimiento m\u00ednimo de tiempo para que una revista pueda ser indexada sin embargo se espera que lo sea al cumplir ese periodo de tiempo.<\/p>[\/et_pb_accordion_item][et_pb_accordion_item title=\u00bb\u00bfRECIDES cuenta con especialistas en las diversas \u00e1reas?\u00bb _builder_version=\u00bb4.27.0&#8243; _module_preset=\u00bbdefault\u00bb global_colors_info=\u00bb{}\u00bb open=\u00bboff\u00bb]<p>RECIDES cuenta con un consejo cient\u00edfico asesor integrado por profesionales y especialistas en el pa\u00eds y a nivel internacional. Adem\u00e1s, cuenta con un banco de revisores en diversas tem\u00e1ticas.<\/p>[\/et_pb_accordion_item][et_pb_accordion_item title=\u00bb\u00bfPuedo convertirme en revisor de RECIDES?\u00bb open=\u00bboff\u00bb _builder_version=\u00bb4.27.0&#8243; _module_preset=\u00bbdefault\u00bb global_colors_info=\u00bb{}\u00bb]<p>S\u00ed, si puede acreditar su grado de especialista y la experiencia requerida puede solicitar al comit\u00e9 editorial v\u00eda correo electr\u00f3nico colaborar siendo revisor.<\/p>[\/et_pb_accordion_item][\/et_pb_accordion][\/et_pb_column][\/et_pb_row][\/et_pb_section][et_pb_section fb_built=\u00bb1&#8243; admin_label=\u00bbFAQ\u00bb _builder_version=\u00bb4.27.0&#8243; _module_preset=\u00bbdefault\u00bb background_color=\u00bb#efeee7&#8243; background_image=\u00bbhttps:\/\/sedesol.gob.hn\/wp-content\/uploads\/2024\/08\/Cream-Neutral-Minimalist-New-Business-Pitch-Deck-Presentation-32.png\u00bb background_size=\u00bbcontain\u00bb custom_padding=\u00bb||72px|||\u00bb top_divider_flip=\u00bbhorizontal\u00bb da_disable_devices=\u00bboff|off|off\u00bb collapsed=\u00bbon\u00bb global_colors_info=\u00bb{}\u00bb da_is_popup=\u00bboff\u00bb da_exit_intent=\u00bboff\u00bb da_has_close=\u00bbon\u00bb da_alt_close=\u00bboff\u00bb da_dark_close=\u00bboff\u00bb da_not_modal=\u00bbon\u00bb da_is_singular=\u00bboff\u00bb da_with_loader=\u00bboff\u00bb da_has_shadow=\u00bbon\u00bb][et_pb_row _builder_version=\u00bb4.27.0&#8243; _module_preset=\u00bbdefault\u00bb global_colors_info=\u00bb{}\u00bb][et_pb_column type=\u00bb4_4&#8243; _builder_version=\u00bb4.27.0&#8243; _module_preset=\u00bbdefault\u00bb global_colors_info=\u00bb{}\u00bb][et_pb_text _builder_version=\u00bb4.27.0&#8243; _module_preset=\u00bbdefault\u00bb text_font=\u00bbPluto|900|||||||\u00bb text_font_size=\u00bb55px\u00bb global_colors_info=\u00bb{}\u00bb]<p><strong>POSTVOLUNTARIADO<\/strong><\/p>[\/et_pb_text][\/et_pb_column][\/et_pb_row][et_pb_row custom_padding_last_edited=\u00bbon|phone\u00bb _builder_version=\u00bb4.27.0&#8243; _module_preset=\u00bbdefault\u00bb background_enable_color=\u00bboff\u00bb custom_margin=\u00bb1vw|auto|18px|auto|false|false\u00bb custom_margin_tablet=\u00bb-21vw||||false|false\u00bb custom_margin_phone=\u00bb||||false|false\u00bb custom_margin_last_edited=\u00bboff|desktop\u00bb custom_padding=\u00bb80px|80px|80px|80px|true|true\u00bb custom_padding_tablet=\u00bb30px|20px|30px|20px|true|true\u00bb custom_padding_phone=\u00bb20px|0px|20px|0px|true|true\u00bb border_width_all=\u00bb3px\u00bb global_colors_info=\u00bb{}\u00bb][et_pb_column type=\u00bb4_4&#8243; _builder_version=\u00bb4.17.3&#8243; _module_preset=\u00bbdefault\u00bb global_colors_info=\u00bb{}\u00bb][et_pb_accordion open_toggle_text_color=\u00bb#000000&#8243; open_toggle_background_color=\u00bbRGBA(255,255,255,0)\u00bb closed_toggle_text_color=\u00bb#000000&#8243; closed_toggle_background_color=\u00bbRGBA(255,255,255,0)\u00bb toggle_icon=\u00bb&#x50;||divi||400&#8243; icon_color=\u00bb#000000&#8243; _builder_version=\u00bb4.27.0&#8243; _module_preset=\u00bbdefault\u00bb toggle_text_color=\u00bb#000000&#8243; toggle_font=\u00bb&#8211;et_global_heading_font|700|||||||\u00bb toggle_font_size=\u00bb22px\u00bb toggle_line_height=\u00bb1.2em\u00bb closed_toggle_font=\u00bb&#8211;et_global_heading_font||||||||\u00bb body_font=\u00bb&#8211;et_global_heading_font||||||||\u00bb body_text_color=\u00bb#000000&#8243; body_font_size=\u00bb18px\u00bb body_line_height=\u00bb1.8em\u00bb hover_enabled=\u00bb0&#8243; toggle_font_size_tablet=\u00bb16px\u00bb toggle_font_size_phone=\u00bb13px\u00bb toggle_font_size_last_edited=\u00bbon|desktop\u00bb body_font_size_tablet=\u00bb16px\u00bb body_font_size_phone=\u00bb14px\u00bb body_font_size_last_edited=\u00bbon|phone\u00bb border_width_all=\u00bb2px\u00bb border_color_all=\u00bb#000000&#8243; border_width_bottom=\u00bb4px\u00bb global_colors_info=\u00bb{}\u00bb sticky_enabled=\u00bb0&#8243;][et_pb_accordion_item title=\u00bb\u00bfQu\u00e9 es el Postvoluntariado?\u00bb _builder_version=\u00bb4.27.0&#8243; _module_preset=\u00bbdefault\u00bb global_colors_info=\u00bb{}\u00bb open=\u00bbon\u00bb]<p>Es la retribuci\u00f3n que realizan las personas becarias de Maestr\u00eda local y postgrado internacional a trav\u00e9s de actividades de investigaci\u00f3n incluyendo, capacitaciones, redacci\u00f3n y publicaci\u00f3n de art\u00edculos cient\u00edficos.<\/p>[\/et_pb_accordion_item][et_pb_accordion_item title=\u00bb\u00bfTodos debemos realizar Postvoluntariado?\u00bb _builder_version=\u00bb4.27.0&#8243; _module_preset=\u00bbdefault\u00bb global_colors_info=\u00bb{}\u00bb open=\u00bboff\u00bb]<p>El Reglamento del programa de Becas solidarias establece en la secci\u00f3n de retribuci\u00f3n social el Postvoluntariado como exclusivo de participantes Maestr\u00eda local y Posgrados internacionales.<\/p>[\/et_pb_accordion_item][et_pb_accordion_item title=\u00bb\u00bfTenemos que realizar voluntariado y Postvoluntariado?\u00bb _builder_version=\u00bb4.27.0&#8243; _module_preset=\u00bbdefault\u00bb global_colors_info=\u00bb{}\u00bb open=\u00bboff\u00bb]<p>Para estudiantes de postgrado el compromiso es que realicen \u00fanicamente Postvoluntariado. Sin embargo pueden participar adicionalmente en actividades de voluntariado si as\u00ed lo desean.<\/p>[\/et_pb_accordion_item][et_pb_accordion_item title=\u00bb\u00bfSi ya realic\u00e9 una publicaci\u00f3n en una revista, cumplo mi requisito DE POST VOLUNTARIADO?\u00bb open=\u00bboff\u00bb _builder_version=\u00bb4.27.0&#8243; _module_preset=\u00bbdefault\u00bb global_colors_info=\u00bb{}\u00bb]<p>Si lo hizo en el a\u00f1o en curso y la revista est\u00e1 indexada, s\u00ed. Debe enviar el art\u00edculo y el link donde est\u00e1 alojado.<\/p>[\/et_pb_accordion_item][\/et_pb_accordion][\/et_pb_column][\/et_pb_row][\/et_pb_section]\n","protected":false},"excerpt":{"rendered":"<p>\u00bfQu\u00e9 es RECIDES?<\/p>\n<p>Es la Revista cient\u00edfica de Desarrollo Social que ser\u00e1 publicada semestralmente y de manera gratuita por le Editorial SEDESOL.<\/p>\n","protected":false},"author":2,"featured_media":0,"parent":0,"menu_order":0,"comment_status":"closed","ping_status":"closed","template":"","meta":{"_et_pb_use_builder":"on","_et_pb_old_content":"","_et_gb_content_width":"","footnotes":""},"class_list":["post-9148","page","type-page","status-publish","hentry"],"_links":{"self":[{"href":"https:\/\/recides.sedesol.gob.hn\/index.php\/wp-json\/wp\/v2\/pages\/9148","targetHints":{"allow":["GET"]}}],"collection":[{"href":"https:\/\/recides.sedesol.gob.hn\/index.php\/wp-json\/wp\/v2\/pages"}],"about":[{"href":"https:\/\/recides.sedesol.gob.hn\/index.php\/wp-json\/wp\/v2\/types\/page"}],"author":[{"embeddable":true,"href":"https:\/\/recides.sedesol.gob.hn\/index.php\/wp-json\/wp\/v2\/users\/2"}],"replies":[{"embeddable":true,"href":"https:\/\/recides.sedesol.gob.hn\/index.php\/wp-json\/wp\/v2\/comments?post=9148"}],"version-history":[{"count":11,"href":"https:\/\/recides.sedesol.gob.hn\/index.php\/wp-json\/wp\/v2\/pages\/9148\/revisions"}],"predecessor-version":[{"id":9376,"href":"https:\/\/recides.sedesol.gob.hn\/index.php\/wp-json\/wp\/v2\/pages\/9148\/revisions\/9376"}],"wp:attachment":[{"href":"https:\/\/recides.sedesol.gob.hn\/index.php\/wp-json\/wp\/v2\/media?parent=9148"}],"curies":[{"name":"wp","href":"https:\/\/api.w.org\/{rel}","templated":true}]}}