{"id":9332,"date":"2024-11-01T06:14:59","date_gmt":"2024-11-01T06:14:59","guid":{"rendered":"https:\/\/recides.sedesol.gob.hn\/?page_id=9332"},"modified":"2025-09-10T20:54:06","modified_gmt":"2025-09-10T20:54:06","slug":"vol-1-num-1","status":"publish","type":"page","link":"https:\/\/recides.sedesol.gob.hn\/index.php\/vol-1-num-1\/","title":{"rendered":"Vol. 1 Num. 1"},"content":{"rendered":"<p>[et_pb_section fb_built=\u00bb1&#8243; custom_padding_last_edited=\u00bbon|desktop\u00bb admin_label=\u00bbHeader &#038; Blog\u00bb _builder_version=\u00bb4.27.0&#8243; _module_preset=\u00bb8c3c9ca7-edbb-4b38-8e21-1713e81b543e\u00bb background_color=\u00bb#efeee7&#8243; custom_margin=\u00bb0px||||false|false\u00bb custom_margin_tablet=\u00bb0px||||false|false\u00bb custom_margin_phone=\u00bb0px||||false|false\u00bb custom_margin_last_edited=\u00bbon|desktop\u00bb custom_padding=\u00bb99px||6px||false|false\u00bb custom_padding_tablet=\u00bb99px||6px||false|false\u00bb custom_padding_phone=\u00bb99px||6px||false|false\u00bb da_disable_devices=\u00bboff|off|off\u00bb collapsed=\u00bbon\u00bb global_colors_info=\u00bb{}\u00bb da_is_popup=\u00bboff\u00bb da_exit_intent=\u00bboff\u00bb da_has_close=\u00bbon\u00bb da_alt_close=\u00bboff\u00bb da_dark_close=\u00bboff\u00bb da_not_modal=\u00bbon\u00bb da_is_singular=\u00bboff\u00bb da_with_loader=\u00bboff\u00bb da_has_shadow=\u00bbon\u00bb][et_pb_row column_structure=\u00bb1_2,1_2&#8243; _builder_version=\u00bb4.27.0&#8243; _module_preset=\u00bbdefault\u00bb global_colors_info=\u00bb{}\u00bb][et_pb_column type=\u00bb1_2&#8243; _builder_version=\u00bb4.27.0&#8243; _module_preset=\u00bbdefault\u00bb global_colors_info=\u00bb{}\u00bb][et_pb_image src=\u00bbhttps:\/\/recides.sedesol.gob.hn\/wp-content\/uploads\/2024\/11\/Untitled-design-38.png\u00bb title_text=\u00bbUntitled design (38)\u00bb show_bottom_space=\u00bboff\u00bb _builder_version=\u00bb4.27.0&#8243; _module_preset=\u00bbdefault\u00bb custom_margin=\u00bb|||-24px|false|false\u00bb custom_margin_tablet=\u00bb|||-24px|false|false\u00bb custom_margin_phone=\u00bb|||0px|false|false\u00bb custom_margin_last_edited=\u00bbon|phone\u00bb custom_padding=\u00bb0px|9px|24px|||\u00bb custom_padding_tablet=\u00bb0px|44px|24px|||\u00bb custom_padding_phone=\u00bb0px|0px|0px||false|false\u00bb custom_padding_last_edited=\u00bbon|phone\u00bb global_colors_info=\u00bb{}\u00bb][\/et_pb_image][\/et_pb_column][et_pb_column type=\u00bb1_2&#8243; _builder_version=\u00bb4.27.0&#8243; _module_preset=\u00bbdefault\u00bb global_colors_info=\u00bb{}\u00bb][et_pb_text _builder_version=\u00bb4.27.0&#8243; _module_preset=\u00bbdefault\u00bb text_font=\u00bb&#8211;et_global_heading_font|200|||||||\u00bb text_font_size=\u00bb16px\u00bb text_line_height=\u00bb0.9em\u00bb header_text_align=\u00bbleft\u00bb header_text_color=\u00bb#727272&#8243; header_font_size=\u00bb35px\u00bb custom_margin=\u00bb|||-70px|false|false\u00bb custom_margin_tablet=\u00bb|||0px|false|false\u00bb custom_margin_phone=\u00bb|||0px|false|false\u00bb custom_margin_last_edited=\u00bbon|tablet\u00bb custom_padding=\u00bb37px|||||\u00bb header_text_align_tablet=\u00bbcenter\u00bb header_text_align_phone=\u00bbcenter\u00bb header_text_align_last_edited=\u00bbon|tablet\u00bb text_orientation_tablet=\u00bbcenter\u00bb text_orientation_phone=\u00bbcenter\u00bb text_orientation_last_edited=\u00bbon|tablet\u00bb global_colors_info=\u00bb{}\u00bb]<\/p>\n<h1><strong>Vol. 1 &#8211; Num. 1<\/strong><\/h1>\n<p>Vol. 1 Num. 1 &#8211;\u00a0 jul.\/dic. 2024<\/p>\n<p>[\/et_pb_text][et_pb_text _builder_version=\u00bb4.27.0&#8243; _module_preset=\u00bbdefault\u00bb text_font=\u00bbPluto|300|||||||\u00bb custom_margin=\u00bb||26px|-70px|false|false\u00bb custom_margin_tablet=\u00bb||26px|0px|false|false\u00bb custom_margin_phone=\u00bb||26px|0px|false|false\u00bb custom_margin_last_edited=\u00bbon|tablet\u00bb text_orientation_tablet=\u00bbcenter\u00bb text_orientation_phone=\u00bbcenter\u00bb text_orientation_last_edited=\u00bbon|tablet\u00bb global_colors_info=\u00bb{}\u00bb]<\/p>\n<p>La primera edici\u00f3n de la <i>Revista Cient\u00edfica de Desarrollo Social <\/i>(RECIDES) refleja el compromiso de la Secretar\u00eda de Desarrollo Social por brindar no solo lineamientos para pol\u00edticas p\u00fablicas sociales, como su labor fundamental, sino que suma esfuerzos por transmitir a la poblaci\u00f3n hondure\u00f1a elementos para el criterio y opini\u00f3n con sustento te\u00f3rico y emp\u00edrico, con este se resalta el papel de acad\u00e9micos que sumen a la formaci\u00f3n de conciencia social y que permitan repensar los mecanismos para alcanzar el desarrollo social en Honduras. Una mirada acad\u00e9mica de la situaci\u00f3n de pa\u00eds ayudar\u00e1 a plantear c\u00f3mo las acciones en materia de pol\u00edtica social y sus instrumentos representan un aporte fundamental en la b\u00fasqueda para la transformaci\u00f3n del desarrollo en el pa\u00eds desde el enfoque del bienestar de las poblaciones y sus distintas particularidades.<\/p>\n<p>[\/et_pb_text][et_pb_button button_url=\u00bbhttps:\/\/recides.sedesol.gob.hn\/index.php\/2025\/03\/17\/editorial-vol-1-num-1\/\u00bb url_new_window=\u00bbon\u00bb button_text=\u00bbLEER ART\u00cdCULOS\u00bb button_alignment=\u00bbleft\u00bb button_alignment_tablet=\u00bbcenter\u00bb button_alignment_phone=\u00bbcenter\u00bb button_alignment_last_edited=\u00bbon|phone\u00bb _builder_version=\u00bb4.27.4&#8243; _module_preset=\u00bb_initial\u00bb custom_button=\u00bbon\u00bb button_text_size=\u00bb14px\u00bb button_text_color=\u00bb#FFFFFF\u00bb button_bg_color=\u00bb#E02B20&#8243; button_border_color=\u00bbRGBA(255,255,255,0)\u00bb button_border_radius=\u00bb14px\u00bb button_letter_spacing=\u00bb0.15em\u00bb button_font=\u00bbyoung serif|700||on|||||\u00bb custom_margin=\u00bb|||-70px|false|false\u00bb custom_margin_tablet=\u00bb|||0px|false|false\u00bb custom_margin_phone=\u00bb9px||||false|false\u00bb custom_margin_last_edited=\u00bbon|phone\u00bb custom_padding=\u00bb16px|21px|16px|21px|true|true\u00bb global_colors_info=\u00bb{}\u00bb button_bg_color__hover_enabled=\u00bbon|hover\u00bb button_bg_color__hover=\u00bb#ad2c27&#8243; button_bg_enable_color__hover=\u00bbon\u00bb button_border_color__hover_enabled=\u00bbon|desktop\u00bb button_border_color__hover=\u00bbRGBA(255,255,255,0)\u00bb button_text_color__hover_enabled=\u00bbon|hover\u00bb button_text_color__hover=\u00bb#FFFFFF\u00bb][\/et_pb_button][et_pb_button button_url=\u00bbhttps:\/\/recides.sedesol.gob.hn\/wp-content\/uploads\/2024\/12\/Recides-Vol.-1.pdf\u00bb url_new_window=\u00bbon\u00bb button_text=\u00bbDESCARGAR\u00bb button_alignment=\u00bbleft\u00bb button_alignment_tablet=\u00bbcenter\u00bb button_alignment_phone=\u00bbcenter\u00bb button_alignment_last_edited=\u00bbon|phone\u00bb _builder_version=\u00bb4.27.4&#8243; _module_preset=\u00bb_initial\u00bb custom_button=\u00bbon\u00bb button_text_size=\u00bb14px\u00bb button_text_color=\u00bb#FFFFFF\u00bb button_bg_color=\u00bb#E02B20&#8243; button_border_color=\u00bbRGBA(255,255,255,0)\u00bb button_border_radius=\u00bb14px\u00bb button_letter_spacing=\u00bb0.15em\u00bb button_font=\u00bbyoung serif|700||on|||||\u00bb custom_margin=\u00bb|||-70px|false|false\u00bb custom_margin_tablet=\u00bb|||0px|false|false\u00bb custom_margin_phone=\u00bb9px||||false|false\u00bb custom_margin_last_edited=\u00bbon|phone\u00bb custom_padding=\u00bb16px|21px|16px|21px|true|true\u00bb global_colors_info=\u00bb{}\u00bb button_bg_color__hover_enabled=\u00bbon|hover\u00bb button_bg_color__hover=\u00bb#ad2c27&#8243; button_bg_enable_color__hover=\u00bbon\u00bb button_border_color__hover_enabled=\u00bbon|desktop\u00bb button_border_color__hover=\u00bbRGBA(255,255,255,0)\u00bb button_text_color__hover_enabled=\u00bbon|hover\u00bb button_text_color__hover=\u00bb#FFFFFF\u00bb][\/et_pb_button][\/et_pb_column][\/et_pb_row][\/et_pb_section][et_pb_section fb_built=\u00bb1&#8243; specialty=\u00bbon\u00bb disabled_on=\u00bboff|off|off\u00bb _builder_version=\u00bb4.27.4&#8243; _module_preset=\u00bbdefault\u00bb background_color=\u00bb#efeee7&#8243; background_image=\u00bbhttps:\/\/recides.sedesol.gob.hn\/wp-content\/uploads\/2024\/08\/Home-4.png\u00bb background_size=\u00bbcustom\u00bb background_image_width=\u00bb100%\u00bb custom_padding=\u00bb112px||112px||true|\u00bb da_disable_devices=\u00bboff|off|off\u00bb global_colors_info=\u00bb{}\u00bb da_is_popup=\u00bboff\u00bb da_exit_intent=\u00bboff\u00bb da_has_close=\u00bbon\u00bb da_alt_close=\u00bboff\u00bb da_dark_close=\u00bboff\u00bb da_not_modal=\u00bbon\u00bb da_is_singular=\u00bboff\u00bb da_with_loader=\u00bboff\u00bb da_has_shadow=\u00bbon\u00bb][et_pb_column type=\u00bb1_2&#8243; _builder_version=\u00bb4.16&#8243; custom_padding=\u00bb|||\u00bb global_colors_info=\u00bb{}\u00bb custom_padding__hover=\u00bb|||\u00bb][et_pb_text _builder_version=\u00bb4.27.0&#8243; _module_preset=\u00bbdefault\u00bb text_font=\u00bb&#8211;et_global_heading_font|800|||||||\u00bb text_font_size=\u00bb36px\u00bb custom_margin=\u00bb||26px|||\u00bb custom_margin_tablet=\u00bb||33px||false|false\u00bb custom_margin_phone=\u00bb||33px||false|false\u00bb custom_margin_last_edited=\u00bbon|tablet\u00bb custom_padding=\u00bb17px||19px|||\u00bb custom_padding_tablet=\u00bb0px||0px||false|false\u00bb custom_padding_phone=\u00bb0px||0px||false|false\u00bb custom_padding_last_edited=\u00bbon|tablet\u00bb text_orientation_tablet=\u00bbcenter\u00bb text_orientation_phone=\u00bbcenter\u00bb text_orientation_last_edited=\u00bbon|tablet\u00bb global_colors_info=\u00bb{}\u00bb]<\/p>\n<p>ART\u00cdCULOS<\/p>\n<p>[\/et_pb_text][et_pb_blog posts_number=\u00bb4&#8243; include_categories=\u00bb25&#8243; show_thumbnail=\u00bboff\u00bb use_manual_excerpt=\u00bboff\u00bb excerpt_length=\u00bb0&#8243; show_more=\u00bbon\u00bb show_author=\u00bboff\u00bb show_date=\u00bboff\u00bb show_categories=\u00bboff\u00bb show_excerpt=\u00bboff\u00bb show_pagination=\u00bboff\u00bb offset_number=\u00bb2&#8243; _builder_version=\u00bb4.27.4&#8243; _module_preset=\u00bbdefault\u00bb header_font=\u00bb&#8211;et_global_heading_font|500|||||||\u00bb header_font_size=\u00bb15px\u00bb body_font=\u00bb&#8211;et_global_heading_font||||||||\u00bb body_font_size=\u00bb12px\u00bb read_more_font=\u00bb&#8211;et_global_heading_font|600||on|||||\u00bb read_more_font_size=\u00bb13px\u00bb width=\u00bb100%\u00bb custom_margin=\u00bb||0px||false|false\u00bb custom_padding=\u00bb|46px|0px||false|false\u00bb custom_padding_tablet=\u00bb|46px|0px||false|false\u00bb custom_padding_phone=\u00bb|0px|0px||false|false\u00bb custom_padding_last_edited=\u00bbon|phone\u00bb text_orientation_tablet=\u00bbcenter\u00bb text_orientation_phone=\u00bbcenter\u00bb text_orientation_last_edited=\u00bbon|tablet\u00bb global_colors_info=\u00bb{}\u00bb][\/et_pb_blog][\/et_pb_column][et_pb_column type=\u00bb1_2&#8243; specialty_columns=\u00bb2&#8243; _builder_version=\u00bb4.16&#8243; custom_padding=\u00bb|||\u00bb global_colors_info=\u00bb{}\u00bb custom_padding__hover=\u00bb|||\u00bb][et_pb_row_inner _builder_version=\u00bb4.27.4&#8243; _module_preset=\u00bbdefault\u00bb global_colors_info=\u00bb{}\u00bb][et_pb_column_inner saved_specialty_column_type=\u00bb1_2&#8243; _builder_version=\u00bb4.27.4&#8243; _module_preset=\u00bbdefault\u00bb global_colors_info=\u00bb{}\u00bb][et_pb_text _builder_version=\u00bb4.27.0&#8243; _module_preset=\u00bbdefault\u00bb text_font=\u00bb&#8211;et_global_heading_font|800|||||||\u00bb text_font_size=\u00bb36px\u00bb text_orientation=\u00bbcenter\u00bb custom_margin=\u00bb1px||26px|||\u00bb custom_padding=\u00bb22px||19px|||\u00bb text_letter_spacing_tablet=\u00bb\u00bb text_letter_spacing_phone=\u00bb\u00bb text_letter_spacing_last_edited=\u00bbon|phone\u00bb text_line_height_tablet=\u00bb\u00bb text_line_height_phone=\u00bb1.4em\u00bb text_line_height_last_edited=\u00bbon|phone\u00bb text_orientation_tablet=\u00bbcenter\u00bb text_orientation_phone=\u00bbcenter\u00bb text_orientation_last_edited=\u00bbon|tablet\u00bb global_colors_info=\u00bb{}\u00bb]<\/p>\n<p>BUSCADOR<\/p>\n<p>[\/et_pb_text][et_pb_code _builder_version=\u00bb4.27.4&#8243; _module_preset=\u00bbdefault\u00bb hover_enabled=\u00bb0&#8243; custom_css_free_form=\u00bbform%91role=%22search%22%93 {||    display: flex;               \/* Utiliza Flexbox para el dise\u00f1o *\/||    flex-direction: column;      \/* Coloca los elementos en columna *\/||    max-width: 400px;           \/* Establece un ancho m\u00e1ximo para el formulario *\/||    margin: 20px auto;          \/* Centra el formulario horizontalmente *\/||    padding: 20px;              \/* Agrega un poco de padding interno *\/||    background-color: #f9f9f9;  \/* Fondo claro para el formulario *\/||    border-radius: 5px;         \/* Bordes redondeados *\/||    box-shadow: 0 2px 5px rgba(0, 0, 0, 0.1); \/* Sombra sutil para darle profundidad *\/||}||||form%91role=%22search%22%93 label {||    margin-bottom: 5px;         \/* Espacio entre la etiqueta y el campo *\/||    font-weight: bold;          \/* Etiquetas en negrita *\/||}||||form%91role=%22search%22%93 input%91type=%22text%22%93,||form%91role=%22search%22%93 input%91type=%22number%22%93 {||    margin-bottom: 15px;        \/* Espacio entre los campos de entrada *\/||    padding: 10px;              \/* Espacio interno para los campos *\/||    border: 1px solid #ccc;     \/* Borde ligero para los campos *\/||    border-radius: 4px;         \/* Bordes redondeados para los campos *\/||    font-size: 16px;            \/* Tama\u00f1o de fuente para los campos *\/||}||||form%91role=%22search%22%93 input%91type=%22submit%22%93 {||    padding: 10px;              \/* Espacio interno para el bot\u00f3n *\/||    background-color: #d93a31;  \/* Color de fondo del bot\u00f3n *\/||    color: white;               \/* Color del texto del bot\u00f3n *\/||    border: none;               \/* Sin borde *\/||    border-radius: 4px;         \/* Bordes redondeados para el bot\u00f3n *\/||    cursor: pointer;            \/* Cursor pointer al pasar sobre el bot\u00f3n *\/||    font-size: 16px;            \/* Tama\u00f1o de fuente del bot\u00f3n *\/||}||||form%91role=%22search%22%93 input%91type=%22submit%22%93:hover {||    background-color:#c1291b;  \/* Color m\u00e1s oscuro al pasar el rat\u00f3n sobre el bot\u00f3n *\/||}||\u00bb global_colors_info=\u00bb{}\u00bb sticky_enabled=\u00bb0&#8243;]\t\t<style>\n\t\t\t\t\t\t\t\n\t\t\n\t\t\n\t\t\t\t\t\n\t\t\t\n\t\t\t\n\t\t\t\n\t\t\t\n\t\t\t\t\t<\/style>\n\t\t\t\t<form id=\"searchwp-form-1\"\n\t\t\trole=\"search\"\n\t\t\tmethod=\"get\"\n\t\t\tclass=\"searchwp-form\"\n\t\t\taction=\"https:\/\/recides.sedesol.gob.hn\/\"\n\t\t\taria-label=\"B\u00fasqueda\">\n\t\t\t<input type=\"hidden\" name=\"swp_form[form_id]\" value=\"1\">\n\t\t\t<div class=\"swp-flex--col swp-flex--wrap swp-flex--gap-md\">\n\t\t\t\t<div class=\"swp-flex--row swp-items-stretch swp-flex--gap-md\">\n\t\t\t\t\t<div class=\"searchwp-form-input-container swp-items-stretch\">\n\n\t\t\t\t\t\t\t\t\t\t\t\t\t\t\t\t\t\t<input type=\"search\"\n                            class=\"swp-input--search swp-input\"\n\t\t\t\t\t\t    placeholder=\"Ingrese texto para buscar\"\n\t\t\t\t\t\t    value=\"\"\n                            name=\"s\"\n\t\t\t\t\t\t    title=\"Ingrese texto para buscar\"\n\t\t\t\t\t\t\taria-label=\"B\u00fasqueda\"\n\t\t\t\t\t\t\taria-required=\"false\"\n\t\t\t\t\t\t\t data-swplive=\"true\"                        \/>\n\t\t\t\t\t<\/div>\n\n\t\t\t\t\t\t\t\t\t\t\t<input type=\"submit\"\n\t\t\t\t\t\t\tclass=\"search-submit swp-button\"\n\t\t\t\t\t\t\tvalue=\"B\u00fasqueda\"\n\t\t\t\t\t\t\taria-label=\"B\u00fasqueda\"\n\t\t\t\t\t\t\/>\n\t\t\t\t\t\n\t\t\t\t<\/div>\n\t\t\t<\/div>\n\t\t<\/form>\n\t\t[\/et_pb_code][\/et_pb_column_inner][\/et_pb_row_inner][et_pb_row_inner custom_padding_last_edited=\u00bbon|phone\u00bb _builder_version=\u00bb4.27.0&#8243; _module_preset=\u00bbdefault\u00bb custom_margin=\u00bb|||136px|false|false\u00bb custom_margin_tablet=\u00bb|||0px|false|false\u00bb custom_margin_phone=\u00bb|||0px|false|false\u00bb custom_margin_last_edited=\u00bbon|tablet\u00bb custom_padding=\u00bb38px|||||\u00bb custom_padding_tablet=\u00bb38px|||||\u00bb custom_padding_phone=\u00bb20px||||false|false\u00bb global_colors_info=\u00bb{}\u00bb][et_pb_column_inner saved_specialty_column_type=\u00bb1_2&#8243; _builder_version=\u00bb4.27.0&#8243; _module_preset=\u00bbdefault\u00bb global_colors_info=\u00bb{}\u00bb][et_pb_text _builder_version=\u00bb4.27.0&#8243; _module_preset=\u00bbdefault\u00bb text_font=\u00bb&#8211;et_global_heading_font|800|||||||\u00bb text_font_size=\u00bb36px\u00bb custom_margin=\u00bb74px||26px|||\u00bb custom_padding=\u00bb17px||19px|||\u00bb text_letter_spacing_tablet=\u00bb\u00bb text_letter_spacing_phone=\u00bb\u00bb text_letter_spacing_last_edited=\u00bbon|phone\u00bb text_line_height_tablet=\u00bb\u00bb text_line_height_phone=\u00bb1.4em\u00bb text_line_height_last_edited=\u00bbon|phone\u00bb text_orientation_tablet=\u00bbcenter\u00bb text_orientation_phone=\u00bbcenter\u00bb text_orientation_last_edited=\u00bbon|tablet\u00bb global_colors_info=\u00bb{}\u00bb]<\/p>\n<p>NOTAS DE PRENSA<\/p>\n<p>[\/et_pb_text][et_pb_blog posts_number=\u00bb5&#8243; include_categories=\u00bb26&#8243; show_thumbnail=\u00bboff\u00bb show_more=\u00bbon\u00bb show_author=\u00bboff\u00bb show_date=\u00bboff\u00bb _builder_version=\u00bb4.27.4&#8243; _module_preset=\u00bbdefault\u00bb header_font=\u00bbPluto|700|||||||\u00bb header_font_size=\u00bb18px\u00bb body_font=\u00bb&#8211;et_global_heading_font||||||||\u00bb body_font_size=\u00bb13px\u00bb meta_font=\u00bb&#8211;et_global_heading_font||||||||\u00bb read_more_font=\u00bb|700||on|||||\u00bb custom_margin=\u00bb14px|||||\u00bb custom_padding=\u00bb32px|||||\u00bb child_mix_blend_mode=\u00bbhard-light\u00bb text_orientation_tablet=\u00bbcenter\u00bb text_orientation_phone=\u00bbcenter\u00bb text_orientation_last_edited=\u00bbon|tablet\u00bb border_style_all_image=\u00bbdotted\u00bb global_colors_info=\u00bb{}\u00bb][\/et_pb_blog][\/et_pb_column_inner][\/et_pb_row_inner][\/et_pb_column][\/et_pb_section]<\/p>\n","protected":false},"excerpt":{"rendered":"<p>Vol. 1 &#8211; Num. 1 Vol. 1 Num. 1 &#8211;\u00a0 jul.\/dic. 2024La primera edici\u00f3n de la Revista Cient\u00edfica de Desarrollo Social (RECIDES) refleja el compromiso de la Secretar\u00eda de Desarrollo Social por brindar no solo lineamientos para pol\u00edticas p\u00fablicas sociales, como su labor fundamental, sino que suma esfuerzos por transmitir a la poblaci\u00f3n hondure\u00f1a elementos [&hellip;]<\/p>\n","protected":false},"author":2,"featured_media":0,"parent":0,"menu_order":0,"comment_status":"closed","ping_status":"closed","template":"","meta":{"_et_pb_use_builder":"on","_et_pb_old_content":"","_et_gb_content_width":"","footnotes":""},"class_list":["post-9332","page","type-page","status-publish","hentry"],"_links":{"self":[{"href":"https:\/\/recides.sedesol.gob.hn\/index.php\/wp-json\/wp\/v2\/pages\/9332","targetHints":{"allow":["GET"]}}],"collection":[{"href":"https:\/\/recides.sedesol.gob.hn\/index.php\/wp-json\/wp\/v2\/pages"}],"about":[{"href":"https:\/\/recides.sedesol.gob.hn\/index.php\/wp-json\/wp\/v2\/types\/page"}],"author":[{"embeddable":true,"href":"https:\/\/recides.sedesol.gob.hn\/index.php\/wp-json\/wp\/v2\/users\/2"}],"replies":[{"embeddable":true,"href":"https:\/\/recides.sedesol.gob.hn\/index.php\/wp-json\/wp\/v2\/comments?post=9332"}],"version-history":[{"count":60,"href":"https:\/\/recides.sedesol.gob.hn\/index.php\/wp-json\/wp\/v2\/pages\/9332\/revisions"}],"predecessor-version":[{"id":10330,"href":"https:\/\/recides.sedesol.gob.hn\/index.php\/wp-json\/wp\/v2\/pages\/9332\/revisions\/10330"}],"wp:attachment":[{"href":"https:\/\/recides.sedesol.gob.hn\/index.php\/wp-json\/wp\/v2\/media?parent=9332"}],"curies":[{"name":"wp","href":"https:\/\/api.w.org\/{rel}","templated":true}]}}